{"id":6385,"date":"2024-03-19T09:01:49","date_gmt":"2024-03-19T12:01:49","guid":{"rendered":"https:\/\/biodigestoresecoplat.com\/?page_id=6385"},"modified":"2024-03-19T09:04:19","modified_gmt":"2024-03-19T12:04:19","slug":"garantia","status":"publish","type":"page","link":"https:\/\/biodigestoresecoplat.com\/index.php\/garantia\/","title":{"rendered":"Garant\u00eda"},"content":{"rendered":"\t\t<div data-elementor-type=\"wp-page\" data-elementor-id=\"6385\" class=\"elementor elementor-6385\">\n\t\t\t\t<div class=\"elementor-element elementor-element-a50bac2 e-flex e-con-boxed e-con e-parent\" data-id=\"a50bac2\" data-element_type=\"container\" data-e-type=\"container\">\n\t\t\t\t\t<div class=\"e-con-inner\">\n\t\t\t\t<div class=\"elementor-element elementor-element-4ecbbb8 elementor-widget elementor-widget-heading\" data-id=\"4ecbbb8\" data-element_type=\"widget\" data-e-type=\"widget\" data-widget_type=\"heading.default\">\n\t\t\t\t<div class=\"elementor-widget-container\">\n\t\t\t\t\t<h2 class=\"elementor-heading-title elementor-size-default\">Garant\u00eda<\/h2>\t\t\t\t<\/div>\n\t\t\t\t<\/div>\n\t\t\t\t<div class=\"elementor-element elementor-element-a16e445 elementor-widget elementor-widget-text-editor\" data-id=\"a16e445\" data-element_type=\"widget\" data-e-type=\"widget\" data-widget_type=\"text-editor.default\">\n\t\t\t\t<div class=\"elementor-widget-container\">\n\t\t\t\t\t\t\t\t\t<p>Todos nuestros productos y trabajos cuentan con factura y garant\u00eda total.<\/p><p>Nuestra garant\u00eda no exige que el sistema sea instalado por nosotros, siempre que se respeten pautas m\u00ednimas de trabajo, los materiales cuentan con garant\u00eda por defectos de fabricaci\u00f3n.<\/p><p>Cuando instalamos nosotros, se suma la garant\u00eda por la instalaci\u00f3n, esta garant\u00eda no tiene fecha de caducidad, consideramos que no siempre hay una fecha exacta para que el sistema comience a ser usado, ya que la construcci\u00f3n de una vivienda puede demorarse por muchos motivos. Es por eso que quedamos en contacto con nuestros clientes de forma permanente.<\/p><p>Vamos a aprovechar este apartado para aclarar algunas cuestiones:<\/p><p>-La presencia de olores dentro del ba\u00f1o u otro sector de la casa no tiene que ver con el Biodigestor, es defecto del sistema de desag\u00fce, ya sea por falta de un sif\u00f3n, por inodoro mal sellado o alg\u00fan ca\u00f1o pinchado, entre otras causas posibles, igualmente, como es una de las consultas m\u00e1s recurrentes, siempre asistimos a nuestros clientes colaborando en encontrar la fuente de olores.<\/p><p>-Si son problemas causados por el sistema del biodigestor, la presencia de olor en la zona del equipo, filtraciones de agua en el parque y\/o anegamiento.<\/p><p>-Tanto la tapa del biodigestor como de la c\u00e1mara s\u00e9ptica no son aptas para ser transitadas, deben protegerse con otra tapa mas solida o evitar el tr\u00e1nsito de personas\/veh\u00edculos por sobre ellas. Estos recaudos deben ser tomados por el propietario, seg\u00fan se ajuste a su gusto estilo y proyecto.<\/p><p>Como se aclaro en otro apartado de esta p\u00e1gina, no todas las viviendas se pueden adaptar al sistema de biodigestor, en algunos casos la instalaci\u00f3n no es recomendable, en esos casos, al momento de evaluar la viabilidad se le aclara al cliente con que garant\u00edas contara en caso de continuar la compra.<\/p>\t\t\t\t\t\t\t\t<\/div>\n\t\t\t\t<\/div>\n\t\t\t\t\t<\/div>\n\t\t\t\t<\/div>\n\t\t\t\t<\/div>\n\t\t","protected":false},"excerpt":{"rendered":"<p>Garant\u00eda Todos nuestros productos y trabajos cuentan con factura y garant\u00eda total. Nuestra garant\u00eda no exige que el sistema sea instalado por nosotros, siempre que se respeten pautas m\u00ednimas de trabajo, los materiales cuentan con garant\u00eda por defectos de fabricaci\u00f3n. Cuando instalamos nosotros, se suma la garant\u00eda por la instalaci\u00f3n, esta garant\u00eda no tiene fecha&hellip;<\/p>\n","protected":false},"author":1,"featured_media":0,"parent":0,"menu_order":0,"comment_status":"closed","ping_status":"closed","template":"","meta":{"footnotes":""},"class_list":["post-6385","page","type-page","status-publish","hentry"],"aioseo_notices":[],"_links":{"self":[{"href":"https:\/\/biodigestoresecoplat.com\/index.php\/wp-json\/wp\/v2\/pages\/6385","targetHints":{"allow":["GET"]}}],"collection":[{"href":"https:\/\/biodigestoresecoplat.com\/index.php\/wp-json\/wp\/v2\/pages"}],"about":[{"href":"https:\/\/biodigestoresecoplat.com\/index.php\/wp-json\/wp\/v2\/types\/page"}],"author":[{"embeddable":true,"href":"https:\/\/biodigestoresecoplat.com\/index.php\/wp-json\/wp\/v2\/users\/1"}],"replies":[{"embeddable":true,"href":"https:\/\/biodigestoresecoplat.com\/index.php\/wp-json\/wp\/v2\/comments?post=6385"}],"version-history":[{"count":4,"href":"https:\/\/biodigestoresecoplat.com\/index.php\/wp-json\/wp\/v2\/pages\/6385\/revisions"}],"predecessor-version":[{"id":6389,"href":"https:\/\/biodigestoresecoplat.com\/index.php\/wp-json\/wp\/v2\/pages\/6385\/revisions\/6389"}],"wp:attachment":[{"href":"https:\/\/biodigestoresecoplat.com\/index.php\/wp-json\/wp\/v2\/media?parent=6385"}],"curies":[{"name":"wp","href":"https:\/\/api.w.org\/{rel}","templated":true}]}}